{"id":1241,"date":"2022-06-02T08:19:40","date_gmt":"2022-06-02T08:19:40","guid":{"rendered":"https:\/\/www.felvidekiborasz.sk\/?page_id=1241"},"modified":"2024-01-29T16:43:52","modified_gmt":"2024-01-29T16:43:52","slug":"ipolymente","status":"publish","type":"page","link":"https:\/\/www.felvidekiborasz.sk\/sk_sk\/ipolymente\/","title":{"rendered":"Poiplie"},"content":{"rendered":"<div data-elementor-type=\"wp-page\" data-elementor-id=\"1241\" class=\"elementor elementor-1241\" data-elementor-post-type=\"page\">\n\t\t\t\t\t\t<section class=\"elementor-section elementor-top-section elementor-element elementor-element-60713f3f elementor-section-height-min-height elementor-section-boxed elementor-section-height-default elementor-section-items-middle\" data-id=\"60713f3f\" data-element_type=\"section\" data-e-type=\"section\" data-settings=\"{&quot;background_background&quot;:&quot;classic&quot;,&quot;shape_divider_bottom&quot;:&quot;wave-brush&quot;}\">\n\t\t\t\t\t<div class=\"elementor-shape elementor-shape-bottom\" aria-hidden=\"true\" data-negative=\"false\">\n\t\t\t<svg xmlns=\"http:\/\/www.w3.org\/2000\/svg\" viewbox=\"0 0 283.5 27.8\" preserveaspectratio=\"none\">\n\t<path class=\"elementor-shape-fill\" d=\"M283.5,9.7c0,0-7.3,4.3-14,4.6c-6.8,0.3-12.6,0-20.9-1.5c-11.3-2-33.1-10.1-44.7-5.7\ts-12.1,4.6-18,7.4c-6.6,3.2-20,9.6-36.6,9.3C131.6,23.5,99.5,7.2,86.3,8c-1.4,0.1-6.6,0.8-10.5,2c-3.8,1.2-9.4,3.8-17,4.7\tc-3.2,0.4-8.3,1.1-14.2,0.9c-1.5-0.1-6.3-0.4-12-1.6c-5.7-1.2-11-3.1-15.8-3.7C6.5,9.2,0,10.8,0,10.8V0h283.5V9.7z M260.8,11.3\tc-0.7-1-2-0.4-4.3-0.4c-2.3,0-6.1-1.2-5.8-1.1c0.3,0.1,3.1,1.5,6,1.9C259.7,12.2,261.4,12.3,260.8,11.3z M242.4,8.6\tc0,0-2.4-0.2-5.6-0.9c-3.2-0.8-10.3-2.8-15.1-3.5c-8.2-1.1-15.8,0-15.1,0.1c0.8,0.1,9.6-0.6,17.6,1.1c3.3,0.7,9.3,2.2,12.4,2.7\tC239.9,8.7,242.4,8.6,242.4,8.6z M185.2,8.5c1.7-0.7-13.3,4.7-18.5,6.1c-2.1,0.6-6.2,1.6-10,2c-3.9,0.4-8.9,0.4-8.8,0.5\tc0,0.2,5.8,0.8,11.2,0c5.4-0.8,5.2-1.1,7.6-1.6C170.5,14.7,183.5,9.2,185.2,8.5z M199.1,6.9c0.2,0-0.8-0.4-4.8,1.1\tc-4,1.5-6.7,3.5-6.9,3.7c-0.2,0.1,3.5-1.8,6.6-3C197,7.5,199,6.9,199.1,6.9z M283,6c-0.1,0.1-1.9,1.1-4.8,2.5s-6.9,2.8-6.7,2.7\tc0.2,0,3.5-0.6,7.4-2.5C282.8,6.8,283.1,5.9,283,6z M31.3,11.6c0.1-0.2-1.9-0.2-4.5-1.2s-5.4-1.6-7.8-2C15,7.6,7.3,8.5,7.7,8.6\tC8,8.7,15.9,8.3,20.2,9.3c2.2,0.5,2.4,0.5,5.7,1.6S31.2,11.9,31.3,11.6z M73,9.2c0.4-0.1,3.5-1.6,8.4-2.6c4.9-1.1,8.9-0.5,8.9-0.8\tc0-0.3-1-0.9-6.2-0.3S72.6,9.3,73,9.2z M71.6,6.7C71.8,6.8,75,5.4,77.3,5c2.3-0.3,1.9-0.5,1.9-0.6c0-0.1-1.1-0.2-2.7,0.2\tC74.8,5.1,71.4,6.6,71.6,6.7z M93.6,4.4c0.1,0.2,3.5,0.8,5.6,1.8c2.1,1,1.8,0.6,1.9,0.5c0.1-0.1-0.8-0.8-2.4-1.3\tC97.1,4.8,93.5,4.2,93.6,4.4z M65.4,11.1c-0.1,0.3,0.3,0.5,1.9-0.2s2.6-1.3,2.2-1.2s-0.9,0.4-2.5,0.8C65.3,10.9,65.5,10.8,65.4,11.1\tz M34.5,12.4c-0.2,0,2.1,0.8,3.3,0.9c1.2,0.1,2,0.1,2-0.2c0-0.3-0.1-0.5-1.6-0.4C36.6,12.8,34.7,12.4,34.5,12.4z M152.2,21.1\tc-0.1,0.1-2.4-0.3-7.5-0.3c-5,0-13.6-2.4-17.2-3.5c-3.6-1.1,10,3.9,16.5,4.1C150.5,21.6,152.3,21,152.2,21.1z\"\/>\n\t<path class=\"elementor-shape-fill\" d=\"M269.6,18c-0.1-0.1-4.6,0.3-7.2,0c-7.3-0.7-17-3.2-16.6-2.9c0.4,0.3,13.7,3.1,17,3.3\tC267.7,18.8,269.7,18,269.6,18z\"\/>\n\t<path class=\"elementor-shape-fill\" d=\"M227.4,9.8c-0.2-0.1-4.5-1-9.5-1.2c-5-0.2-12.7,0.6-12.3,0.5c0.3-0.1,5.9-1.8,13.3-1.2\tS227.6,9.9,227.4,9.8z\"\/>\n\t<path class=\"elementor-shape-fill\" d=\"M204.5,13.4c-0.1-0.1,2-1,3.2-1.1c1.2-0.1,2,0,2,0.3c0,0.3-0.1,0.5-1.6,0.4\tC206.4,12.9,204.6,13.5,204.5,13.4z\"\/>\n\t<path class=\"elementor-shape-fill\" d=\"M201,10.6c0-0.1-4.4,1.2-6.3,2.2c-1.9,0.9-6.2,3.1-6.1,3.1c0.1,0.1,4.2-1.6,6.3-2.6\tS201,10.7,201,10.6z\"\/>\n\t<path class=\"elementor-shape-fill\" d=\"M154.5,26.7c-0.1-0.1-4.6,0.3-7.2,0c-7.3-0.7-17-3.2-16.6-2.9c0.4,0.3,13.7,3.1,17,3.3\tC152.6,27.5,154.6,26.8,154.5,26.7z\"\/>\n\t<path class=\"elementor-shape-fill\" d=\"M41.9,19.3c0,0,1.2-0.3,2.9-0.1c1.7,0.2,5.8,0.9,8.2,0.7c4.2-0.4,7.4-2.7,7-2.6\tc-0.4,0-4.3,2.2-8.6,1.9c-1.8-0.1-5.1-0.5-6.7-0.4S41.9,19.3,41.9,19.3z\"\/>\n\t<path class=\"elementor-shape-fill\" d=\"M75.5,12.6c0.2,0.1,2-0.8,4.3-1.1c2.3-0.2,2.1-0.3,2.1-0.5c0-0.1-1.8-0.4-3.4,0\tC76.9,11.5,75.3,12.5,75.5,12.6z\"\/>\n\t<path class=\"elementor-shape-fill\" d=\"M15.6,13.2c0-0.1,4.3,0,6.7,0.5c2.4,0.5,5,1.9,5,2c0,0.1-2.7-0.8-5.1-1.4\tC19.9,13.7,15.7,13.3,15.6,13.2z\"\/>\n<\/svg>\t\t<\/div>\n\t\t\t\t\t<div class=\"elementor-container elementor-column-gap-default\">\n\t\t\t\t\t<div class=\"elementor-column elementor-col-100 elementor-top-column elementor-element elementor-element-5155e550\" data-id=\"5155e550\" data-element_type=\"column\" data-e-type=\"column\">\n\t\t\t<div class=\"elementor-widget-wrap elementor-element-populated\">\n\t\t\t\t\t\t<div class=\"elementor-element elementor-element-6e1dfe2e elementor-widget elementor-widget-heading\" data-id=\"6e1dfe2e\" data-element_type=\"widget\" data-e-type=\"widget\" data-widget_type=\"heading.default\">\n\t\t\t\t<div class=\"elementor-widget-container\">\n\t\t\t\t\t<h2 class=\"elementor-heading-title elementor-size-default\">Poip\u013eie a Stredn\u00e9 Slovensko<\/h2>\t\t\t\t<\/div>\n\t\t\t\t<\/div>\n\t\t\t\t<div class=\"elementor-element elementor-element-62ccecf0 elementor-widget elementor-widget-heading\" data-id=\"62ccecf0\" data-element_type=\"widget\" data-e-type=\"widget\" data-widget_type=\"heading.default\">\n\t\t\t\t<div class=\"elementor-widget-container\">\n\t\t\t\t\t<h2 class=\"elementor-heading-title elementor-size-default\">Vin\u00e1ri regi\u00f3nu<\/h2>\t\t\t\t<\/div>\n\t\t\t\t<\/div>\n\t\t\t\t<div class=\"elementor-element elementor-element-14a368fc elementor-view-default elementor-widget elementor-widget-icon\" data-id=\"14a368fc\" data-element_type=\"widget\" data-e-type=\"widget\" data-widget_type=\"icon.default\">\n\t\t\t\t<div class=\"elementor-widget-container\">\n\t\t\t\t\t\t\t<div class=\"elementor-icon-wrapper\">\n\t\t\t<div class=\"elementor-icon\">\n\t\t\t<svg aria-hidden=\"true\" class=\"e-font-icon-svg e-fas-chevron-down\" viewbox=\"0 0 448 512\" xmlns=\"http:\/\/www.w3.org\/2000\/svg\"><path d=\"M207.029 381.476L12.686 187.132c-9.373-9.373-9.373-24.569 0-33.941l22.667-22.667c9.357-9.357 24.522-9.375 33.901-.04L224 284.505l154.745-154.021c9.379-9.335 24.544-9.317 33.901.04l22.667 22.667c9.373 9.373 9.373 24.569 0 33.941L240.971 381.476c-9.373 9.372-24.569 9.372-33.942 0z\"><\/path><\/svg>\t\t\t<\/div>\n\t\t<\/div>\n\t\t\t\t\t\t<\/div>\n\t\t\t\t<\/div>\n\t\t\t\t\t<\/div>\n\t\t<\/div>\n\t\t\t\t\t<\/div>\n\t\t<\/section>\n\t\t\t\t<section class=\"elementor-section elementor-top-section elementor-element elementor-element-688a6f0c elementor-section-boxed elementor-section-height-default elementor-section-height-default\" data-id=\"688a6f0c\" data-element_type=\"section\" data-e-type=\"section\">\n\t\t\t\t\t\t<div class=\"elementor-container elementor-column-gap-default\">\n\t\t\t\t\t<div class=\"elementor-column elementor-col-50 elementor-top-column elementor-element elementor-element-719f105a\" data-id=\"719f105a\" data-element_type=\"column\" data-e-type=\"column\">\n\t\t\t<div class=\"elementor-widget-wrap elementor-element-populated\">\n\t\t\t\t\t\t<div class=\"elementor-element elementor-element-501e1d82 elementor-widget elementor-widget-heading\" data-id=\"501e1d82\" data-element_type=\"widget\" data-e-type=\"widget\" data-widget_type=\"heading.default\">\n\t\t\t\t<div class=\"elementor-widget-container\">\n\t\t\t\t\t<h2 class=\"elementor-heading-title elementor-size-default\">Na slovenskej strane \u00fadolia Ip\u013ea sa nach\u00e1dza nieko\u013eko obc\u00ed s dlhodobou vinohradn\u00edckou a vin\u00e1rskou hist\u00f3riou.<\/h2>\t\t\t\t<\/div>\n\t\t\t\t<\/div>\n\t\t\t\t<div class=\"elementor-element elementor-element-d2c8e97 elementor-widget elementor-widget-heading\" data-id=\"d2c8e97\" data-element_type=\"widget\" data-e-type=\"widget\" data-widget_type=\"heading.default\">\n\t\t\t\t<div class=\"elementor-widget-container\">\n\t\t\t\t\t<h2 class=\"elementor-heading-title elementor-size-default\">Najzn\u00e1mej\u0161ie s\u00fa Vinica a Ve\u013ek\u00fd Krt\u00ed\u0161, ale v men\u0161ej \u010di v\u00e4\u010d\u0161ej miere sa vinohradn\u00edctvom zaoberaj\u00fa takmer v\u0161etky obce pozd\u013a\u017e rieky Ipe\u013e.<\/h2>\t\t\t\t<\/div>\n\t\t\t\t<\/div>\n\t\t\t\t<div class=\"elementor-element elementor-element-374cb4e8 elementor-widget elementor-widget-heading\" data-id=\"374cb4e8\" data-element_type=\"widget\" data-e-type=\"widget\" data-widget_type=\"heading.default\">\n\t\t\t\t<div class=\"elementor-widget-container\">\n\t\t\t\t\t<h2 class=\"elementor-heading-title elementor-size-default\">Typick\u00e9 vulkanick\u00e9 oblasti s andezitom, \u017eulov\u00fdm podlo\u017e\u00edm, \u017eeleznou rudou, nadlo\u017en\u00fdm v\u00e1pencom, hnedou lesnou p\u00f4dou, spra\u0161ou a miestami lu\u017en\u00fdmi p\u00f4dami. Podnebie je tie\u017e mierne chladnej\u0161ie, \u010do d\u00e1va hroznu \u017eiv\u00fa kyslos\u0165 a ve\u013ea aromatick\u00fdch l\u00e1tok. <\/h2>\t\t\t\t<\/div>\n\t\t\t\t<\/div>\n\t\t\t\t<div class=\"elementor-element elementor-element-bf69953 elementor-widget elementor-widget-heading\" data-id=\"bf69953\" data-element_type=\"widget\" data-e-type=\"widget\" data-widget_type=\"heading.default\">\n\t\t\t\t<div class=\"elementor-widget-container\">\n\t\t\t\t\t<h2 class=\"elementor-heading-title elementor-size-default\">Ve\u013emi ob\u013e\u00faben\u00e9 s\u00fa odrody Pinot, Veltl\u00ednske zelen\u00e9 a Rizling r\u00fdnsky, ale n\u00e1jdete tu aj Le\u00e1nku, Frankovku modr\u00fa, Tramini a tie\u017e mu\u0161k\u00e1ti.\n<\/h2>\t\t\t\t<\/div>\n\t\t\t\t<\/div>\n\t\t\t\t<div class=\"elementor-element elementor-element-5d5a1d5 elementor-widget elementor-widget-image\" data-id=\"5d5a1d5\" data-element_type=\"widget\" data-e-type=\"widget\" data-widget_type=\"image.default\">\n\t\t\t\t<div class=\"elementor-widget-container\">\n\t\t\t\t\t\t\t\t\t\t\t\t\t\t\t<img fetchpriority=\"high\" decoding=\"async\" width=\"800\" height=\"800\" src=\"https:\/\/www.felvidekiborasz.sk\/wp-content\/uploads\/2024\/01\/Ipolymente-1024x1024.png\" class=\"attachment-large size-large wp-image-3881\" alt=\"Ipolymente t\u00e9rk\u00e9pe\" srcset=\"https:\/\/www.felvidekiborasz.sk\/wp-content\/uploads\/2024\/01\/Ipolymente-1024x1024.png 1024w, https:\/\/www.felvidekiborasz.sk\/wp-content\/uploads\/2024\/01\/Ipolymente-300x300.png 300w, https:\/\/www.felvidekiborasz.sk\/wp-content\/uploads\/2024\/01\/Ipolymente-150x150.png 150w, https:\/\/www.felvidekiborasz.sk\/wp-content\/uploads\/2024\/01\/Ipolymente-768x768.png 768w, https:\/\/www.felvidekiborasz.sk\/wp-content\/uploads\/2024\/01\/Ipolymente-12x12.png 12w, https:\/\/www.felvidekiborasz.sk\/wp-content\/uploads\/2024\/01\/Ipolymente.png 1063w\" sizes=\"(max-width: 800px) 100vw, 800px\" \/>\t\t\t\t\t\t\t\t\t\t\t\t\t\t\t<\/div>\n\t\t\t\t<\/div>\n\t\t\t\t\t<\/div>\n\t\t<\/div>\n\t\t\t\t<div class=\"elementor-column elementor-col-50 elementor-top-column elementor-element elementor-element-3b22c945\" data-id=\"3b22c945\" data-element_type=\"column\" data-e-type=\"column\">\n\t\t\t<div class=\"elementor-widget-wrap elementor-element-populated\">\n\t\t\t\t\t\t<div class=\"elementor-element elementor-element-10a10cd8 elementor-posts--align-center elementor-grid-3 elementor-grid-tablet-2 elementor-grid-mobile-1 elementor-posts--thumbnail-top elementor-widget elementor-widget-posts\" data-id=\"10a10cd8\" data-element_type=\"widget\" data-e-type=\"widget\" data-settings=\"{&quot;classic_columns&quot;:&quot;3&quot;,&quot;classic_columns_tablet&quot;:&quot;2&quot;,&quot;classic_columns_mobile&quot;:&quot;1&quot;,&quot;classic_row_gap&quot;:{&quot;unit&quot;:&quot;px&quot;,&quot;size&quot;:35,&quot;sizes&quot;:[]},&quot;classic_row_gap_tablet&quot;:{&quot;unit&quot;:&quot;px&quot;,&quot;size&quot;:&quot;&quot;,&quot;sizes&quot;:[]},&quot;classic_row_gap_mobile&quot;:{&quot;unit&quot;:&quot;px&quot;,&quot;size&quot;:&quot;&quot;,&quot;sizes&quot;:[]}}\" data-widget_type=\"posts.classic\">\n\t\t\t\t<div class=\"elementor-widget-container\">\n\t\t\t\t\t\t\t<div class=\"elementor-posts-container elementor-posts elementor-posts--skin-classic elementor-grid\">\n\t\t\t\t<article class=\"elementor-post elementor-grid-item post-414 boraszatok type-boraszatok status-publish format-standard has-post-thumbnail hentry category-ipolymente\">\n\t\t\t\t<a class=\"elementor-post__thumbnail__link\" href=\"https:\/\/www.felvidekiborasz.sk\/sk_sk\/boraszatok\/csernus-winery\/\" tabindex=\"-1\" >\n\t\t\t<div class=\"elementor-post__thumbnail\"><img decoding=\"async\" width=\"500\" height=\"500\" src=\"https:\/\/www.felvidekiborasz.sk\/wp-content\/uploads\/2022\/03\/csernus-logo.png\" class=\"attachment-large size-large wp-image-409\" alt=\"\" srcset=\"https:\/\/www.felvidekiborasz.sk\/wp-content\/uploads\/2022\/03\/csernus-logo.png 500w, https:\/\/www.felvidekiborasz.sk\/wp-content\/uploads\/2022\/03\/csernus-logo-300x300.png 300w, https:\/\/www.felvidekiborasz.sk\/wp-content\/uploads\/2022\/03\/csernus-logo-150x150.png 150w, https:\/\/www.felvidekiborasz.sk\/wp-content\/uploads\/2022\/03\/csernus-logo-12x12.png 12w\" sizes=\"(max-width: 500px) 100vw, 500px\" \/><\/div>\n\t\t<\/a>\n\t\t\t\t<div class=\"elementor-post__text\">\n\t\t\t\t<h3 class=\"elementor-post__title\">\n\t\t\t<a href=\"https:\/\/www.felvidekiborasz.sk\/sk_sk\/boraszatok\/csernus-winery\/\" >\n\t\t\t\tCsernus winery\t\t\t<\/a>\n\t\t<\/h3>\n\t\t\t\t<div class=\"elementor-post__excerpt\">\n\t\t\t<p>Ipolyny\u00e9k &#8211; Vinica<\/p>\n\t\t<\/div>\n\t\t\n\t\t<a class=\"elementor-post__read-more\" href=\"https:\/\/www.felvidekiborasz.sk\/sk_sk\/boraszatok\/csernus-winery\/\" aria-label=\"Read more about Csernus winery\" tabindex=\"-1\" >\n\t\t\t\t\t<\/a>\n\n\t\t\t\t<\/div>\n\t\t\t\t<\/article>\n\t\t\t\t<article class=\"elementor-post elementor-grid-item post-3780 boraszatok type-boraszatok status-publish format-standard has-post-thumbnail hentry category-ipolymente\">\n\t\t\t\t<a class=\"elementor-post__thumbnail__link\" href=\"https:\/\/www.felvidekiborasz.sk\/sk_sk\/boraszatok\/gemerprodukt\/\" tabindex=\"-1\" >\n\t\t\t<div class=\"elementor-post__thumbnail\"><img decoding=\"async\" width=\"500\" height=\"500\" src=\"https:\/\/www.felvidekiborasz.sk\/wp-content\/uploads\/2024\/01\/WEB_500x500-14.png\" class=\"attachment-large size-large wp-image-3787\" alt=\"\" srcset=\"https:\/\/www.felvidekiborasz.sk\/wp-content\/uploads\/2024\/01\/WEB_500x500-14.png 500w, https:\/\/www.felvidekiborasz.sk\/wp-content\/uploads\/2024\/01\/WEB_500x500-14-300x300.png 300w, https:\/\/www.felvidekiborasz.sk\/wp-content\/uploads\/2024\/01\/WEB_500x500-14-150x150.png 150w, https:\/\/www.felvidekiborasz.sk\/wp-content\/uploads\/2024\/01\/WEB_500x500-14-12x12.png 12w\" sizes=\"(max-width: 500px) 100vw, 500px\" \/><\/div>\n\t\t<\/a>\n\t\t\t\t<div class=\"elementor-post__text\">\n\t\t\t\t<h3 class=\"elementor-post__title\">\n\t\t\t<a href=\"https:\/\/www.felvidekiborasz.sk\/sk_sk\/boraszatok\/gemerprodukt\/\" >\n\t\t\t\tGemerprodukt\t\t\t<\/a>\n\t\t<\/h3>\n\t\t\t\t<div class=\"elementor-post__excerpt\">\n\t\t\t<p>V\u00e1ly &#8211; Valice<\/p>\n\t\t<\/div>\n\t\t\n\t\t<a class=\"elementor-post__read-more\" href=\"https:\/\/www.felvidekiborasz.sk\/sk_sk\/boraszatok\/gemerprodukt\/\" aria-label=\"Read more about Gemerprodukt\" tabindex=\"-1\" >\n\t\t\t\t\t<\/a>\n\n\t\t\t\t<\/div>\n\t\t\t\t<\/article>\n\t\t\t\t<article class=\"elementor-post elementor-grid-item post-2760 boraszatok type-boraszatok status-publish format-standard has-post-thumbnail hentry category-ipolymente\">\n\t\t\t\t<a class=\"elementor-post__thumbnail__link\" href=\"https:\/\/www.felvidekiborasz.sk\/sk_sk\/boraszatok\/zsigmond-csaladi-boraszat-szoleszet\/\" tabindex=\"-1\" >\n\t\t\t<div class=\"elementor-post__thumbnail\"><img loading=\"lazy\" decoding=\"async\" width=\"500\" height=\"500\" src=\"https:\/\/www.felvidekiborasz.sk\/wp-content\/uploads\/2023\/03\/LOGO_500x500.png\" class=\"attachment-large size-large wp-image-3709\" alt=\"\" srcset=\"https:\/\/www.felvidekiborasz.sk\/wp-content\/uploads\/2023\/03\/LOGO_500x500.png 500w, https:\/\/www.felvidekiborasz.sk\/wp-content\/uploads\/2023\/03\/LOGO_500x500-300x300.png 300w, https:\/\/www.felvidekiborasz.sk\/wp-content\/uploads\/2023\/03\/LOGO_500x500-150x150.png 150w, https:\/\/www.felvidekiborasz.sk\/wp-content\/uploads\/2023\/03\/LOGO_500x500-12x12.png 12w\" sizes=\"(max-width: 500px) 100vw, 500px\" \/><\/div>\n\t\t<\/a>\n\t\t\t\t<div class=\"elementor-post__text\">\n\t\t\t\t<h3 class=\"elementor-post__title\">\n\t\t\t<a href=\"https:\/\/www.felvidekiborasz.sk\/sk_sk\/boraszatok\/zsigmond-csaladi-boraszat-szoleszet\/\" >\n\t\t\t\tZsigmond csal\u00e1di bor\u00e1szat-sz\u0151l\u00e9szet\t\t\t<\/a>\n\t\t<\/h3>\n\t\t\t\t<div class=\"elementor-post__excerpt\">\n\t\t\t<p>Ipolyny\u00e9k &#8211; Vinica<\/p>\n\t\t<\/div>\n\t\t\n\t\t<a class=\"elementor-post__read-more\" href=\"https:\/\/www.felvidekiborasz.sk\/sk_sk\/boraszatok\/zsigmond-csaladi-boraszat-szoleszet\/\" aria-label=\"Read more about Zsigmond csal\u00e1di bor\u00e1szat-sz\u0151l\u00e9szet\" tabindex=\"-1\" >\n\t\t\t\t\t<\/a>\n\n\t\t\t\t<\/div>\n\t\t\t\t<\/article>\n\t\t\t\t<\/div>\n\t\t\n\t\t\t\t\t\t<\/div>\n\t\t\t\t<\/div>\n\t\t\t\t\t<\/div>\n\t\t<\/div>\n\t\t\t\t\t<\/div>\n\t\t<\/section>\n\t\t\t\t<\/div>","protected":false},"excerpt":{"rendered":"<p>Ipolymente \u00e9s K\u00d6Z\u00c9P &#8211; SZLOV\u00c1KIA Pinc\u00e9szetei \/ Bor\u00e1szatai Az Ipoly v\u00f6lgy\u00e9nek felvid\u00e9ki oldal\u00e1n t\u00f6bb olyan telep\u00fcl\u00e9st is tal\u00e1lunk, melyeknek sz\u0151l\u0151- \u00e9s borkult\u00far\u00e1ja nagy m\u00faltra tekint vissza. A legismertebbek Ipolyny\u00e9k \u00e9s Nagyk\u00fcrt\u00f6s, de kisebb-nagyobb m\u00e9rt\u00e9kben szinte minden Ipoly-menti telep\u00fcl\u00e9sen folyik sz\u0151l\u0151termeszt\u00e9s. Jellemz\u0151en vulkanikus ter\u00fcletek, andezit, gr\u00e1nit alapk\u0151zettel, vas\u00e9rccel, amin m\u00e9szk\u0151, barna erd\u0151talaj, l\u00f6sz, helyenk\u00e9nt hordal\u00e9ktalajok tal\u00e1lhat\u00f3k. [&hellip;]<\/p>\n","protected":false},"author":1,"featured_media":0,"parent":0,"menu_order":0,"comment_status":"closed","ping_status":"closed","template":"","meta":{"footnotes":""},"class_list":["post-1241","page","type-page","status-publish","hentry"],"acf":[],"_links":{"self":[{"href":"https:\/\/www.felvidekiborasz.sk\/sk_sk\/wp-json\/wp\/v2\/pages\/1241","targetHints":{"allow":["GET"]}}],"collection":[{"href":"https:\/\/www.felvidekiborasz.sk\/sk_sk\/wp-json\/wp\/v2\/pages"}],"about":[{"href":"https:\/\/www.felvidekiborasz.sk\/sk_sk\/wp-json\/wp\/v2\/types\/page"}],"author":[{"embeddable":true,"href":"https:\/\/www.felvidekiborasz.sk\/sk_sk\/wp-json\/wp\/v2\/users\/1"}],"replies":[{"embeddable":true,"href":"https:\/\/www.felvidekiborasz.sk\/sk_sk\/wp-json\/wp\/v2\/comments?post=1241"}],"version-history":[{"count":49,"href":"https:\/\/www.felvidekiborasz.sk\/sk_sk\/wp-json\/wp\/v2\/pages\/1241\/revisions"}],"predecessor-version":[{"id":3884,"href":"https:\/\/www.felvidekiborasz.sk\/sk_sk\/wp-json\/wp\/v2\/pages\/1241\/revisions\/3884"}],"wp:attachment":[{"href":"https:\/\/www.felvidekiborasz.sk\/sk_sk\/wp-json\/wp\/v2\/media?parent=1241"}],"curies":[{"name":"wp","href":"https:\/\/api.w.org\/{rel}","templated":true}]}}